{"id":746,"date":"2022-12-18T20:18:30","date_gmt":"2022-12-18T20:18:30","guid":{"rendered":"https:\/\/picov.eu\/?page_id=746"},"modified":"2023-03-03T13:38:13","modified_gmt":"2023-03-03T13:38:13","slug":"condizioni-di-vendita","status":"publish","type":"page","link":"https:\/\/picov.eu\/es\/condizioni-di-vendita\/","title":{"rendered":"Condizioni di vendita"},"content":{"rendered":"<div data-elementor-type=\"wp-page\" data-elementor-id=\"746\" class=\"elementor elementor-746\" data-elementor-post-type=\"page\">\n\t\t\t\t\t\t<section class=\"elementor-section elementor-top-section elementor-element elementor-element-78cb50c elementor-section-boxed elementor-section-height-default elementor-section-height-default\" data-id=\"78cb50c\" data-element_type=\"section\" data-settings=\"{&quot;jet_parallax_layout_list&quot;:[],&quot;background_background&quot;:&quot;classic&quot;}\">\n\t\t\t\t\t\t<div class=\"elementor-container elementor-column-gap-default\">\n\t\t\t\t\t<div class=\"elementor-column elementor-col-100 elementor-top-column elementor-element elementor-element-1a2e551\" data-id=\"1a2e551\" data-element_type=\"column\">\n\t\t\t<div class=\"elementor-widget-wrap elementor-element-populated\">\n\t\t\t\t\t\t<div class=\"elementor-element elementor-element-b7ba1ba elementor-widget elementor-widget-heading\" data-id=\"b7ba1ba\" data-element_type=\"widget\" data-widget_type=\"heading.default\">\n\t\t\t\t<div class=\"elementor-widget-container\">\n\t\t\t\t\t<h2 class=\"elementor-heading-title elementor-size-default\">Condizioni e Modalit\u00e0 Generali di Vendita<\/h2>\t\t\t\t<\/div>\n\t\t\t\t<\/div>\n\t\t\t\t\t<\/div>\n\t\t<\/div>\n\t\t\t\t\t<\/div>\n\t\t<\/section>\n\t\t\t\t<section class=\"elementor-section elementor-top-section elementor-element elementor-element-b91a103 elementor-section-boxed elementor-section-height-default elementor-section-height-default\" data-id=\"b91a103\" data-element_type=\"section\" data-settings=\"{&quot;jet_parallax_layout_list&quot;:[]}\">\n\t\t\t\t\t\t<div class=\"elementor-container elementor-column-gap-default\">\n\t\t\t\t\t<div class=\"elementor-column elementor-col-100 elementor-top-column elementor-element elementor-element-4163d7d\" data-id=\"4163d7d\" data-element_type=\"column\">\n\t\t\t<div class=\"elementor-widget-wrap elementor-element-populated\">\n\t\t\t\t\t\t<div class=\"elementor-element elementor-element-5b51b54 elementor-widget elementor-widget-text-editor\" data-id=\"5b51b54\" data-element_type=\"widget\" data-widget_type=\"text-editor.default\">\n\t\t\t\t<div class=\"elementor-widget-container\">\n\t\t\t\t\t\t\t\t\t<p><strong>Condizioni e Modalit\u00e0 Generali di Vendita e Fornitura di Picov srl con sede legale in Viale delle Nazioni, 10 37135 Verona (VR)<\/strong><\/p><p class=\"translation-block\"><strong>1. Inizio e ambito di applicazione.<\/strong><br>1.1 Con effetto dal 12 settembre 2022 tutte le vendite di merci e le consegne eseguite dalla Picov srl saranno soggette esclusivamente a queste Condizioni e modalit\u00e0 generali di vendita e fornitura (qui di seguito denominate \u00able CGV\u00bb), nella misura in cui queste non sono modificate da specifici accordi individuali scritti.<br>1.2 Le condizioni e modalit\u00e0 generali di commercio della parte contraente che contraddicono queste CGV sono applicabili soltanto nella misura in cui Picov srl le approva espressamente per iscritto. Le successive CGV trovano applicazione per tutte le vendite di beni e forniture eseguite da Picov srl, nella misura in cui la formulazione della conferma d\u2019ordine non comprenda disposizioni diverse o, nella misura in cui delle disposizioni diverse non sono state concordate per iscritto dalle parti su una base contrattuale individuale.<br>1.3 La Picov srl. si riserva il diritto di modificare queste CGV in qualsiasi momento.<\/p><p class=\"translation-block\"><strong>2. Listino prezzi e offerte.<\/strong><br>2.1 Informazioni sui prezzi e altre condizioni e modalit\u00e0 esibite in cataloghi, opuscoli e listini prezzi rappresentano semplicemente degli inviti a presentare delle offerte; esse sono limitate nel tempo in conformit\u00e0 all\u2019informazione stampata qui di seguito e possono essere modificate senza precedente notifica una volta che questo periodo \u00e8 scaduto.<br>2.2 La validit\u00e0 delle nostre offerte \u00e8 limitata a 10 (dieci) giorni dalla data dell\u2019offerta, salvo diverso accordo scritto tra le parti.<br>2.3 Le offerte sono applicabili soltanto ai rispettivi destinatari.<\/p><p class=\"translation-block\"><strong>3. Prezzi e volumi degli ordini.<\/strong><br>3.1 I prezzi di consegna e di vendita sono esibiti franco magazzino in Euro, salvo pattuizione contraria. Ai prezzi si aggiungono l\u2019IVA di legge se applicabile, oltre ad eventuali tasse, spese e diritti previsti dalla legge.<br>3.2 Gli ordini pervenuti dalla parte contraente sono soggetti ai prezzi e alle condizioni validi il giorno in cui l\u2019ordine \u00e8 registrato.<\/p><p class=\"translation-block\"><strong>4. Pagamento.<\/strong><br>4.1 I pagamenti devono essere eseguiti entro 10-30 (dieci-trenta) giorni dalla data della fattura. Gli assegni sono considerati ricevuti soltanto quando sono stati accreditati.<br>4.2 La Picov srl non accetta cambiali ne altri metodi di pagamento.<br>4.3 La Picov srl pu\u00f2 esigere in qualsiasi momento un pagamento anticipato o una garanzia irrevocabile o pu\u00f2 insistere su altre procedure di pagamento. I costi risultanti saranno sostenuti dalla parte contraente.<br>4.4 La Picov srl \u00e8 autorizzata a rifiutare la consegna se dopo la stipulazione del contratto risulta che il suo diritto al pagamento per la consegna \u00e8 messo in pericolo dall\u2019incapacit\u00e0 di pagamento della parte contraente. Questo diritto di rifiutare la prestazione pu\u00f2 essere derogato se il pagamento \u00e8 eseguito o se la parte contraente fornisce una garanzia collaterale adeguata. La Picov srl \u00e8 autorizzata a imporre un termine ultimo ragionevole alla parte contraente, entro il quale la parte contraente deve o eseguire il pagamento in contemporanea con la consegna o fornire una garanzia collaterale per la consegna.<br>In seguito alla scadenza infruttuosa del termine ultimo, La Picov srl sar\u00e0 autorizzata a rescindere il contratto senza indugio, senza che ci\u00f2 abbia alcuna conseguenza compensatoria per la Picov srl.<\/p><p class=\"translation-block\"><strong>5. Inadempienza del pagamento e riscossione.<\/strong><br>5.1 Al momento della scadenza del termine di pagamento specificato al paragrafo 4.1, la parte contraente \u00e8 considerata in mora. In questo caso saranno dovuti degli interessi di mora del 8% per anno, oltre al rimborso delle spese sostenute per la riscossione delle somme arretrate, comprese le spese legali e giudiziari.<br>5.2 L\u2019inadempienza della parte contraente autorizza la Picov srl a sospendere tutte le forniture in corso e future di qualsiasi genere, a recedere dal contratto, a esigere la restituzione dei prodotti forniti o, successivamente a notifica scritta, a ritirare questi prodotti con effetto immediato, a rescindere qualsiasi accordo legale senza ulteriori formalit\u00e0 e a chiedere il risarcimento per ulteriori perdite.<\/p><p class=\"translation-block\"><strong>6. Ambito di fornitura, scadenza della fornitura, forniture parziali e restituzione dell\u2019imballaggio.<\/strong><br>6.1 I prodotti sono certificati CE DVI se necessario dai nostri fornitori.<br>6.2 I prodotti sono stati preventivamente assoggettati a test standard che assicurano il normale funzionamento. Per ulteriori test che vanno oltre a quelli standard, la Picov srl richieder\u00e0 la copertura delle spese supplementari.<br>6.3 Indipendentemente dalle cause, la parte contraente non acquisisce nessun diritto nei confronti della Picov srl derivante da ritardi o mancata fornitura.<br>6.4 L\u2019informazione fornita dalla Picov srl riguardo al peso e alle dimensioni dei prodotti rappresentano semplicemente dei valori approssimativi. Fino al momento della fornitura la nostra azienda non sar\u00e0 responsabile di tali valori.<br>6.5 La Picov srl si riserva la facolt\u00e0 di evadere gli ordini anche in modo parziale. Ad ogni fornitura, anche parziale, verr\u00e0 emessa regolare fattura comprensiva delle spese di trasporto.<\/p><p class=\"translation-block\"><strong>7. Trasporto.<\/strong><br>7.1 La merce verr\u00e0 fornita alle condizioni e termini pattuiti nell\u2019offerta.<br>7.2 Il trasporto potr\u00e0 avvenire a carico della parte contraente o a carico della Picov srl.<br>7.3 La parte che esegue il trasporto \u00e8 responsabile sia del trasporto che dei documenti di trasporto, dei mezzi di trasporto e dei percorsi del trasporto.<br>7.4 Qualora il trasporto venga eseguito dalla Picov srl nostra azienda, le spese verranno addebitate in fattura in misura forfettaria come stabilito nell\u2019offerta.<br>7.5 La parte che esegue il trasporto \u00e8 responsabile di assicurare il trasporto. La dove esplicitamente concordato nell\u2019offerta, la Picov srl assicura il trasporto in Italia, Ue e nei paesi extra-UE, eccetto che nei paesi per i quali vigono condizioni particolari (cd. paesi sanction countries).<\/p><p class=\"translation-block\"><strong>8. Trasferimento del rischio e osservanza delle norme di controllo.<\/strong><br>8.1 Il rischio di distruzione, di perdita o di danneggiamento dei beni sar\u00e0 trasferito alla parte contraente non appena le merci sono state fatte uscire per il trasporto\/la spedizione. Se per qualsiasi possibile motivo le merci sono rispedite alla Picov srl, allora il rischio e la responsabilit\u00e0 saranno mantenuti dalla parte contraente fino a che queste non sono state ricevute dalla Picov srl.<br>8.2 Nella misura in cui la relativa legge applicabile non dispone obbligatoriamente in modo diverso, la parte contraente sar\u00e0 in ogni caso esclusivamente responsabile di osservare tutti i regolamenti e tutte le formalit\u00e0 di esportazione, importazione, transito e controllo.<\/p><p class=\"translation-block\"><strong>9. Controlli e notifica dei difetti.<\/strong><br>9.1 La parte contraente deve controllare i prodotti (qualit\u00e0 e quantit\u00e0) a proprie spese.<br>9.2 Nel caso di difetti visibile, la parte contraente deve comunicarli alla Picov srl per iscritto senza indugio dopo la ricezione dei prodotti, al pi\u00f9 tardi entro 10 (dieci) giorni dalla ricezione delle merci, descrivendo dettagliatamente i difetti. I danni derivanti dal trasporto e gli ammanchi nella fornitura devono essere segnalati immediatamente per iscritto all\u2019impresa di autotrasporti e allo spedizioniere.<br>9.3 I difetti occulti devono essere comunicati per iscritto immediatamente dopo la loro scoperta, al pi\u00f9 tardi entro 10 (dieci) giorni dalla scoperta, descrivendo i difetti dettagliatamente.<br>9.4 Se la parte contraente omette di redigere la corretta comunicazione dei difetti, allora il prodotto \u00e8 considerato approvato senza riserve.<br>9.5 Nel caso di merci difettose, a propria discrezione, la Picov srl pu\u00f2 sostituire la merce o rifiutarsi di eseguire l\u2019adempimento se questo comporta costi sproporzionati.<br>9.6 Richieste avanzate dalla parte contraente in seguito a difetti sono escluse nel caso di difetti materiali minori.<\/p><p class=\"translation-block\"><strong>10. Forza maggiore, impedimenti contrattuali.<\/strong><br>10.1 Forza maggiore di qualsiasi genere, interruzioni imprevedibili di operazione, di trasporto o di consegna, danni da fuoco, inondazioni, carenze imprevedibili di carburante, energia, materie prime o materiali ausiliari, scioperi legali, serrate legali, ordinanze o provvedimenti ufficiali o altri impedimenti per i quali la parte che deve la prestazione non \u00e8 responsabile, che ritardano o impediscono la produzione, la spedizione, la fornitura o l\u2019accettazione o che le rendono irragionevoli, esonerano la nostra azienda dall\u2019obbligo di eseguire la fornitura o l\u2019accettazione per la durata e l\u2019ambito dei disagi. Questo si applica anche se le circostanze che si verificano riguardo i fornitori.<br>10.2 La Picov srl non deve neppure essere ritenuta responsabile per le circostanze di cui sopra se queste si verificano durante una condizione di inadempimento gi\u00e0 esistente. Se la fornitura o l\u2019accettazione \u00e8 ritardata di oltre 8 (otto) settimane in seguito ai disagi, allora entrambe le parti sono autorizzate a recedere, previa comunicazione scritta all\u2019altra parte.<\/p><p class=\"translation-block\"><strong>11. Garanzia.<\/strong><br>11.1 La Picov srl garantisce che i suoi prodotti sono esenti da difetti di materiale e di costruzione.<br>11.2 La garanzia \u00e8 di 12 (dodici) mesi. Il periodo di garanzia inizia con la data di consegna della merce.<br>11.3 I materiali di consumo, come ad esempio i puntali medici, hanno una durata di vita utile limitata in considerazione dell\u2019utilizzo. Per questa ragione la garanzia \u00e8 esclusa per l\u2019usura naturale o per l\u2019utilizzo improprio.<br>11.4 Non si effettuano sostituzioni in garanzia per danni che non siano comunicati dal cliente come danni di trasporto immediatamente dopo la ricezione della merce.<br>11.5 Nel caso di sostituzione la garanzia non si interrompe ma prosegue il periodo di garanzia originale.<br>11.6 La parte contraente perde i propri diritti:<br>a) Per danni derivanti dalla non corretta installazione, magazzinaggio o utilizzo del prodotto.<br>b) se il danno \u00e8 stato causato dall\u2019impatto di forza maggiore (ad es. incidente);<br>c) se i prodotti o loro parti non sono regolati, modificati, riparati o revisionati dalla nostra azienda o da specialisti autorizzati da noi.<br>d) se il cliente non \u00e8 in grado di fornire il numero di lotto e i documenti di acquisto.<br>11.7 Chiunque rivendichi un diritto di garanzia \u00e8 tenuto a dimostrare che il difetto del prodotto era causato da difetti di materiale o di produzione.<br>11.8 Se la parte contraente rivendica un diritto di garanzia, allora essa deve fornire alla Picov srl copia della fattura e del documento di trasporto e comunicare il prodotto acquistato, il suo numero di lotto, la data di spedizione e la natura del problema. Una volta eseguito tutto questo, si devono osservare le istruzioni impartite dalla Picov srl per la composizione della questione. Inoltre trovano applicazione le seguenti disposizioni:<br>a) Se il prodotto deve essere ritornato alla Picov srl, la parte contraente \u00e8 responsabile per l\u2019imballaggio adeguato del prodotto, sosterr\u00e0 il rischio durante il trasporto e si assumer\u00e0 i relativi costi.<br>b) La Picov srl non accetter\u00e0 nessuna restituzione non contenente una copia della fattura originale e senza precedente autorizzazione di restituzione del prodotto. Il numero di autorizzazione di restituzione del prodotto deve essere chiaramente specificato sull\u2019imballaggio e sui documenti di trasporto. Tutti i costi risultanti da azioni intraprese unilateralmente dalla parte contraente dovranno essere sostenuti dalla parte contraente.<br>c) Se i prodotti o parti di essi sono stati esposti a contaminazione radioattiva, microbiologica o di altra natura, allora questo deve essere conseguentemente dichiarato e questi prodotti o queste parti devono essere decontaminati prima di essere restituiti. Se ci\u00f2 non \u00e8 stato eseguito correttamente, allora la Picov srl pu\u00f2 \u2013 a carico della parte contraente \u2013 rispedire questi prodotti o queste parti o pu\u00f2 decontaminarli essa stessa: in questo caso la parte contraente sar\u00e0 inoltre obbligata a sostenere tutti gli ulteriori danni.<\/p><p class=\"translation-block\"><strong>12. Responsabilit\u00e0.<\/strong><br>12.1 La responsabilit\u00e0 da parte della Picov srl \u2013 a prescindere dalle basi giuridiche sulle quali essa \u00e8 rivendicata \u2013 pu\u00f2 essere istituita soltanto se la perdita \u00e8 stata causata dalla violazione di un obbligo contrattuale essenziale o \u00e8 attribuibile a negligenza grave o a intento doloso da parte della nostra azienda e non siamo responsabili in casi di negligenza lieve.<br>12.2 Nella misura in cui la responsabilit\u00e0 della Picov srl \u00e8 esclusa o limitata, questo \u00e8 applicabile anche alla responsabilit\u00e0 personale dei suoi dipendenti, rappresentanti, agenti indiretti o altri possibili sostituti.<br>12.3 La Picov srl non \u00e8 responsabile per le conseguenze di un errato utilizzo n\u00e9 dei difetti che sono basati dall\u2019uso non corretto dei prodotti o causati dal trasporto.<br>12.4 Qualsiasi garanzia materiale o garanzia legale o garanzia riguardo a perdite di qualsiasi genere (ad es. perdite dirette e indirette) che superano le disposizioni di garanzia e responsabilit\u00e0 saranno escluse \u2013 nella misura in cui ci\u00f2 \u00e8 permesso dalla legge. La Picov srl non si assumer\u00e0 nessuna responsabilit\u00e0 che i suoi prodotti sono adatti allo scopo destinato della parte contraente.<br>12.5 La parte contraente \u00e8 tenuta ad assicurare l\u2019adempimento degli obblighi di legge prima che i beni venduti dalla Picov srl all\u2019estero siano messi in servizio.<\/p><p class=\"translation-block\"><strong>13. Recesso e risarcimento in luogo della prestazione.<\/strong><br>13.1 Se la Picov srl omettesse di fornire una prestazione dovuta, o se la Picov srl omettesse di fornire questa in conformit\u00e0 con le disposizioni contrattuali, allora la parte contraente avr\u00e0 il diritto di recedere dall\u2019accordo.<br>13.2 Se la Picov srl non avesse ancora fornito la prestazione entro la scadenza prevista dall\u2019ordine imposta dalla parte contraente, o non avesse fornito questa prestazione in conformit\u00e0 con le disposizioni contrattuali, allora la Picov srl potr\u00e0 richiedere alla parte contraente di dichiarare, entro una ragionevole scadenza, se essa continua ad insistere per la fornitura della prestazione. La Picov srl non sar\u00e0 obbligata a fornire la prestazione prima che la parte contraente non avr\u00e0 comunicato la sua decisione.<br>13.3 In ogni caso il recesso non pu\u00f2 essere comunicato oltre il decorso di 60 giorni dal ricevimento dell\u2019ordine.<\/p><p class=\"translation-block\"><strong>14. Ordini e spedizioni di restituzione di merce ordinata erroneamente.<\/strong><br>14.1 La Picov srl richiede le seguenti informazioni per gli ordini:<br>1. Numero cliente (nel caso di clienti esistenti);<br>2. Nomi dell\u2019azienda e della persona incaricata;<br>3. I numeri di telefono e di fax della parte ordinante;<br>4. Data dell\u2019ordine e numero dell\u2019ordine;<br>5. Designazioni del prodotto e numeri del prodotto;<br>6. Quantit\u00e0;<br>7. Prezzi;<br>8. Indirizzo di fatturazione ed indirizzo di consegna;<br>9. Informazioni aggiuntive, per esempio relative ai dati della consegna o a consegne parziali.<br>10. Accettazione delle condizioni Privacy.<br>14.2 Non verranno accettati restituzione di merce per motivi diversi da errori commessi dalla Picov srl o da vizi della merce.<\/p><p class=\"translation-block\"><strong>15. Restrizioni sull\u2019utilizzo.<\/strong><br>15.1 I prodotti forniti dalla Picov srl devono essere utilizzati da personale appositamente formato e su macchinari compatibili.<\/p><p class=\"translation-block\"><strong>16. Propriet\u00e0 intellettuale.<\/strong><br>16.1 Ogni propriet\u00e0 intellettuale (come, per esempio, marchi registrati o la designazione aziendale) sar\u00e0 ritenuta dalla Picov srl.<br>16.2 La parte contraente non pu\u00f2 utilizzare la propriet\u00e0 intellettuale della Picov srl senza la previa autorizzazione scritta della Picov srl. L\u2019utilizzo di materiale pubblicitario della resta riservato.<br>16.3 Se terzi dovessero asserire che la loro propriet\u00e0 intellettuale \u00e8 violata da prodotti della Picov srl, allora la parte contraente deve informare la Picov srl di questo fatto senza indugio per iscritto. La parte contraente deve assistere la Picov srl a difendersi da tali rivendicazioni al meglio delle sue capacit\u00e0 e in conformit\u00e0 alle istruzioni della Picov srl. La Picov srl non sar\u00e0 responsabile nei confronti della parte contraente per eventuali danni derivanti da tali violazioni asserite o reali.<br>16.4 Se la parte contraente dovesse accertare una possibile violazione della propriet\u00e0 intellettuale della Picov srl, allora deve informare la Picov srl di questo fatto senza indugio per iscritto e deve assistere la Picov srl a salvaguardare i propri diritti al meglio delle sue capacit\u00e0 e in conformit\u00e0 alle istruzioni della Picov srl.<br>16.5 La parte contraente garantisce che la fabbricazione di prodotti in conformit\u00e0 con le specifiche, i disegni, le istruzioni o i dati tecnici stipulati dalla parte contraente non porteranno la Picov srl a violare nessun diritto di propriet\u00e0 intellettuale. Essa sar\u00e0 completamente responsabile per tutte le conseguenze derivanti da qualsiasi violazione asserita o reale.<\/p><p class=\"translation-block\"><strong>17. Riservatezza.<\/strong><br>17.1 La parte contraente deve \u2013 anche dopo la fine dei rapporti commerciali \u2013 trattare tutti i dettagli dei suoi rapporti commerciali con la Picov srl, come anche i suoi segreti commerciali, in maniera strettamente riservata. Essa deve imporre quest\u2019obbligo anche ai suoi dirigenti, dipendenti e a terzi legalmente coinvolti. Le offerte fatte dalla Picov srl saranno inoltre particolarmente ritenute di natura riservata. Qualsiasi violazione di quest\u2019obbligo dar\u00e0 il diritto alla Picov srl di richiedere un risarcimento e di recedere dall\u2019accordo legale con effetto immediato.<\/p><p class=\"translation-block\"><strong>18. Riserva di propriet\u00e0.<\/strong><br>18.1 La propriet\u00e0 di tutti i prodotti venduti sar\u00e0 mantenuta dalla Picov srl fino a quando la Picov srl non avr\u00e0 ricevuto il pezzo pieno di vendita.<br>18.2 La parte contraente deve trattare tutte le merci soggette alla riserva di propriet\u00e0 con la dovuta cura. Essa \u00e8 obbligata ad assicurare adeguatamente a sue spese le merci soggette alla riserva di propriet\u00e0 contro i danni da fuoco, acqua o furto per il loro valore da nuovi e assegner\u00e0 in anticipo alla Picov srl le sue rivendicazioni di risarcimento derivanti da questi accordi assicurativi.<\/p><p class=\"translation-block\"><strong>19. Luogo di prestazione.<\/strong><br>19.1 Il luogo di prestazione per tutti gli obblighi delle parti contraenti \u00e8 Verona 37135, Viale delle Nazioni 10, Italia.<\/p><p class=\"translation-block\"><strong>20. Disposizioni varie.<\/strong><br>20.1 Tutti gli accordi conclusi dalla Picov srl e la parte contraente relativi all\u2019esecuzione delle vendite delle merci devono essere eseguiti per iscritto affinch\u00e9 siano validi (requisito di validit\u00e0).<br>20.2 La rinuncia al requisito della forma scritta \u00e8 valida solo per iscritto.<br>20.3 La parte contraente non pu\u00f2 trasferire a terzi le sue rivendicazioni nei confronti della Picov srl.<br>20.4 La Picov srl pu\u00f2 avvalersi dei servizi di terzi allo scopo di adempiere i suoi obblighi.<br>20.5 Le comunicazioni devono essere indirizzate a Picov srl Viale delle Nazioni, 10 a 37135 Verona (VR) Italia.<br>20.6 La Picov srl si riserva il testo in lingua e legge Italiana con Foro Verona.<\/p>\t\t\t\t\t\t\t\t<\/div>\n\t\t\t\t<\/div>\n\t\t\t\t\t<\/div>\n\t\t<\/div>\n\t\t\t\t\t<\/div>\n\t\t<\/section>\n\t\t\t\t<\/div>","protected":false},"excerpt":{"rendered":"<p>Condizioni e Modalit\u00e0 Generali di Vendita Condizioni e Modalit\u00e0 Generali di Vendita e Fornitura di Picov srl con sede legale in Viale delle Nazioni, 10 37135 Verona (VR) 1. Inizio e ambito di applicazione.1.1 Con effetto dal 12 settembre 2022 tutte le vendite di merci e le consegne eseguite dalla Picov srl saranno soggette esclusivamente [&hellip;]<\/p>","protected":false},"author":3,"featured_media":0,"parent":0,"menu_order":0,"comment_status":"closed","ping_status":"closed","template":"","meta":{"footnotes":""},"class_list":["post-746","page","type-page","status-publish","hentry"],"_links":{"self":[{"href":"https:\/\/picov.eu\/es\/wp-json\/wp\/v2\/pages\/746","targetHints":{"allow":["GET"]}}],"collection":[{"href":"https:\/\/picov.eu\/es\/wp-json\/wp\/v2\/pages"}],"about":[{"href":"https:\/\/picov.eu\/es\/wp-json\/wp\/v2\/types\/page"}],"author":[{"embeddable":true,"href":"https:\/\/picov.eu\/es\/wp-json\/wp\/v2\/users\/3"}],"replies":[{"embeddable":true,"href":"https:\/\/picov.eu\/es\/wp-json\/wp\/v2\/comments?post=746"}],"version-history":[{"count":19,"href":"https:\/\/picov.eu\/es\/wp-json\/wp\/v2\/pages\/746\/revisions"}],"predecessor-version":[{"id":1135,"href":"https:\/\/picov.eu\/es\/wp-json\/wp\/v2\/pages\/746\/revisions\/1135"}],"wp:attachment":[{"href":"https:\/\/picov.eu\/es\/wp-json\/wp\/v2\/media?parent=746"}],"curies":[{"name":"wp","href":"https:\/\/api.w.org\/{rel}","templated":true}]}}