{"id":67,"date":"2022-12-01T18:36:39","date_gmt":"2022-12-01T18:36:39","guid":{"rendered":"https:\/\/picov.eu\/?page_id=67"},"modified":"2023-01-20T20:17:41","modified_gmt":"2023-01-20T20:17:41","slug":"chi-siamo","status":"publish","type":"page","link":"https:\/\/picov.eu\/es\/chi-siamo\/","title":{"rendered":"Qui\u00e9nes somos"},"content":{"rendered":"<div data-elementor-type=\"wp-page\" data-elementor-id=\"67\" class=\"elementor elementor-67\" data-elementor-post-type=\"page\">\n\t\t\t\t\t\t<section class=\"elementor-section elementor-top-section elementor-element elementor-element-273435e elementor-section-boxed elementor-section-height-default elementor-section-height-default\" data-id=\"273435e\" data-element_type=\"section\" data-settings=\"{&quot;jet_parallax_layout_list&quot;:[],&quot;background_background&quot;:&quot;classic&quot;}\">\n\t\t\t\t\t\t<div class=\"elementor-container elementor-column-gap-default\">\n\t\t\t\t\t<div class=\"elementor-column elementor-col-100 elementor-top-column elementor-element elementor-element-0e3f392\" data-id=\"0e3f392\" data-element_type=\"column\">\n\t\t\t<div class=\"elementor-widget-wrap elementor-element-populated\">\n\t\t\t\t\t\t<div class=\"elementor-element elementor-element-1b10ba3 elementor-widget elementor-widget-heading\" data-id=\"1b10ba3\" data-element_type=\"widget\" data-widget_type=\"heading.default\">\n\t\t\t\t<div class=\"elementor-widget-container\">\n\t\t\t\t\t<h2 class=\"elementor-heading-title elementor-size-default\">Qui\u00e9nes somos<\/h2>\t\t\t\t<\/div>\n\t\t\t\t<\/div>\n\t\t\t\t\t<\/div>\n\t\t<\/div>\n\t\t\t\t\t<\/div>\n\t\t<\/section>\n\t\t\t\t<section class=\"elementor-section elementor-top-section elementor-element elementor-element-5d0a8ce elementor-section-boxed elementor-section-height-default elementor-section-height-default\" data-id=\"5d0a8ce\" data-element_type=\"section\" data-settings=\"{&quot;jet_parallax_layout_list&quot;:[]}\">\n\t\t\t\t\t\t<div class=\"elementor-container elementor-column-gap-default\">\n\t\t\t\t\t<div class=\"elementor-column elementor-col-100 elementor-top-column elementor-element elementor-element-7258067\" data-id=\"7258067\" data-element_type=\"column\">\n\t\t\t<div class=\"elementor-widget-wrap elementor-element-populated\">\n\t\t\t\t\t\t<div class=\"elementor-element elementor-element-f241149 elementor-widget elementor-widget-text-editor\" data-id=\"f241149\" data-element_type=\"widget\" data-widget_type=\"text-editor.default\">\n\t\t\t\t<div class=\"elementor-widget-container\">\n\t\t\t\t\t\t\t\t\t<p class=\"translation-block\">Nuestra empresa es una empresa joven con sede en Verona, norte de Italia y numerosos colaboradores. La nueva \u00e1rea de negocio <em><strong>\u201cWORLD OF DISPOSABLES\u201d<\/strong><\/em><\/p>\t\t\t\t\t\t\t\t<\/div>\n\t\t\t\t<\/div>\n\t\t\t\t<div class=\"elementor-element elementor-element-caaaefe elementor-widget elementor-widget-text-editor\" data-id=\"caaaefe\" data-element_type=\"widget\" data-widget_type=\"text-editor.default\">\n\t\t\t\t<div class=\"elementor-widget-container\">\n\t\t\t\t\t\t\t\t\t<p>Nos hemos fijado el objetivo de ofrecer a nuestros clientes una fuente de suministro segura y fiable para sus necesidades de consumibles necesarios para la preparaci\u00f3n y el an\u00e1lisis diarios de muestras de alta precisi\u00f3n. Contamos desde hace tiempo con contactos comerciales de gran \u00e9xito y una red de usuarios satisfechos en todo el mundo.<\/p><p>La pandemia de SRAS Cov 2 demostr\u00f3 que los conceptos de suministro anteriores pod\u00edan ser problem\u00e1ticos. Las necesidades y la producci\u00f3n, a veces muy variables, combinadas con incluso \"peque\u00f1as interrupciones\" en las rutas de entrega (mar-aire-tierra) provocan retrasos importantes e incluso interrupciones en los an\u00e1lisis urgentes que causan escasez de material fungible.<\/p>\t\t\t\t\t\t\t\t<\/div>\n\t\t\t\t<\/div>\n\t\t\t\t\t<\/div>\n\t\t<\/div>\n\t\t\t\t\t<\/div>\n\t\t<\/section>\n\t\t\t\t<section class=\"elementor-section elementor-top-section elementor-element elementor-element-3efe067 elementor-section-boxed elementor-section-height-default elementor-section-height-default\" data-id=\"3efe067\" data-element_type=\"section\" data-settings=\"{&quot;jet_parallax_layout_list&quot;:[],&quot;background_background&quot;:&quot;classic&quot;}\">\n\t\t\t\t\t\t\t<div class=\"elementor-background-overlay\"><\/div>\n\t\t\t\t\t\t\t<div class=\"elementor-container elementor-column-gap-default\">\n\t\t\t\t\t<div class=\"elementor-column elementor-col-100 elementor-top-column elementor-element elementor-element-239fae2\" data-id=\"239fae2\" data-element_type=\"column\">\n\t\t\t<div class=\"elementor-widget-wrap elementor-element-populated\">\n\t\t\t\t\t\t<div class=\"elementor-element elementor-element-46a9950 elementor-widget elementor-widget-text-editor\" data-id=\"46a9950\" data-element_type=\"widget\" data-widget_type=\"text-editor.default\">\n\t\t\t\t<div class=\"elementor-widget-container\">\n\t\t\t\t\t\t\t\t\t<p>Adem\u00e1s, queremos ofrecer a nuestros clientes el mejor servicio posible para todas sus necesidades de consumibles.<\/p><p>Esto incluye tambi\u00e9n la selecci\u00f3n de productos y su disponibilidad. Adem\u00e1s de la capacidad de producci\u00f3n pura, una producci\u00f3n y entrega r\u00e1pidas, flexibles y fiables son tambi\u00e9n un criterio esencial.<\/p><p>Nuestro equipo cuenta con el apoyo, sobre todo para preguntas sobre aplicaciones, no s\u00f3lo de nuestros socios de marca con los especialistas de producto adecuados, sino tambi\u00e9n de soporte externo con muchos a\u00f1os de experiencia en automatizaci\u00f3n de procesos de laboratorio y medicina.<\/p><p class=\"translation-block\">Las ampliaciones de nuevas l\u00edneas de productos ya est\u00e1n previstas o en proceso de<br>implantaci\u00f3n.<\/p>\t\t\t\t\t\t\t\t<\/div>\n\t\t\t\t<\/div>\n\t\t\t\t\t<\/div>\n\t\t<\/div>\n\t\t\t\t\t<\/div>\n\t\t<\/section>\n\t\t\t\t<section class=\"elementor-section elementor-top-section elementor-element elementor-element-f975638 elementor-section-boxed elementor-section-height-default elementor-section-height-default\" data-id=\"f975638\" data-element_type=\"section\" data-settings=\"{&quot;jet_parallax_layout_list&quot;:[],&quot;background_background&quot;:&quot;classic&quot;}\">\n\t\t\t\t\t\t<div class=\"elementor-container elementor-column-gap-default\">\n\t\t\t\t\t<div class=\"elementor-column elementor-col-100 elementor-top-column elementor-element elementor-element-cf68818\" data-id=\"cf68818\" data-element_type=\"column\">\n\t\t\t<div class=\"elementor-widget-wrap elementor-element-populated\">\n\t\t\t\t\t\t<div class=\"elementor-element elementor-element-7871d06 elementor-widget elementor-widget-heading\" data-id=\"7871d06\" data-element_type=\"widget\" data-widget_type=\"heading.default\">\n\t\t\t\t<div class=\"elementor-widget-container\">\n\t\t\t\t\t<h2 class=\"elementor-heading-title elementor-size-default\">Avete una richiesta speciale o un&#039;esigenza particolare?<\/h2>\t\t\t\t<\/div>\n\t\t\t\t<\/div>\n\t\t\t\t<div class=\"elementor-element elementor-element-f4d920c elementor-align-center elementor-widget elementor-widget-button\" data-id=\"f4d920c\" data-element_type=\"widget\" data-widget_type=\"button.default\">\n\t\t\t\t<div class=\"elementor-widget-container\">\n\t\t\t\t\t\t\t\t\t<div class=\"elementor-button-wrapper\">\n\t\t\t\t\t<a class=\"elementor-button elementor-button-link elementor-size-sm\" href=\"https:\/\/picov.eu\/es\/contatto\/\">\n\t\t\t\t\t\t<span class=\"elementor-button-content-wrapper\">\n\t\t\t\t\t\t\t\t\t<span class=\"elementor-button-text\">P\u00f3ngase en contacto con nosotros<\/span>\n\t\t\t\t\t<\/span>\n\t\t\t\t\t<\/a>\n\t\t\t\t<\/div>\n\t\t\t\t\t\t\t\t<\/div>\n\t\t\t\t<\/div>\n\t\t\t\t<div class=\"elementor-element elementor-element-f3f834b elementor-widget elementor-widget-heading\" data-id=\"f3f834b\" data-element_type=\"widget\" data-widget_type=\"heading.default\">\n\t\t\t\t<div class=\"elementor-widget-container\">\n\t\t\t\t\t<h3 class=\"elementor-heading-title elementor-size-default\">Esperamos con inter\u00e9s su mensaje<\/h3>\t\t\t\t<\/div>\n\t\t\t\t<\/div>\n\t\t\t\t\t<\/div>\n\t\t<\/div>\n\t\t\t\t\t<\/div>\n\t\t<\/section>\n\t\t\t\t<section class=\"elementor-section elementor-top-section elementor-element elementor-element-8194987 elementor-section-boxed elementor-section-height-default elementor-section-height-default\" data-id=\"8194987\" data-element_type=\"section\" data-settings=\"{&quot;jet_parallax_layout_list&quot;:[]}\">\n\t\t\t\t\t\t<div class=\"elementor-container elementor-column-gap-default\">\n\t\t\t\t\t<div class=\"elementor-column elementor-col-50 elementor-top-column elementor-element elementor-element-5006bfd\" data-id=\"5006bfd\" data-element_type=\"column\">\n\t\t\t<div class=\"elementor-widget-wrap elementor-element-populated\">\n\t\t\t\t\t\t<div class=\"elementor-element elementor-element-87de3c3 elementor-widget elementor-widget-image\" data-id=\"87de3c3\" data-element_type=\"widget\" data-widget_type=\"image.default\">\n\t\t\t\t<div class=\"elementor-widget-container\">\n\t\t\t\t\t\t\t\t\t\t\t\t\t\t\t<img fetchpriority=\"high\" decoding=\"async\" width=\"600\" height=\"700\" src=\"https:\/\/picov.eu\/wp-content\/uploads\/2022\/12\/picov-precisione-qualita.webp\" class=\"attachment-large size-large wp-image-415\" alt=\"\" srcset=\"https:\/\/picov.eu\/wp-content\/uploads\/2022\/12\/picov-precisione-qualita.webp 600w, https:\/\/picov.eu\/wp-content\/uploads\/2022\/12\/picov-precisione-qualita-257x300.webp 257w, https:\/\/picov.eu\/wp-content\/uploads\/2022\/12\/picov-precisione-qualita-200x233.webp 200w\" sizes=\"(max-width: 600px) 100vw, 600px\" \/>\t\t\t\t\t\t\t\t\t\t\t\t\t\t\t<\/div>\n\t\t\t\t<\/div>\n\t\t\t\t\t<\/div>\n\t\t<\/div>\n\t\t\t\t<div class=\"elementor-column elementor-col-50 elementor-top-column elementor-element elementor-element-e5c576b\" data-id=\"e5c576b\" data-element_type=\"column\">\n\t\t\t<div class=\"elementor-widget-wrap elementor-element-populated\">\n\t\t\t\t\t\t<div class=\"elementor-element elementor-element-8d3368f elementor-widget elementor-widget-heading\" data-id=\"8d3368f\" data-element_type=\"widget\" data-widget_type=\"heading.default\">\n\t\t\t\t<div class=\"elementor-widget-container\">\n\t\t\t\t\t<h2 class=\"elementor-heading-title elementor-size-default\">Precisi\u00f3n y Calidad<\/h2>\t\t\t\t<\/div>\n\t\t\t\t<\/div>\n\t\t\t\t<div class=\"elementor-element elementor-element-046baae elementor-widget-divider--view-line elementor-widget elementor-widget-divider\" data-id=\"046baae\" data-element_type=\"widget\" data-widget_type=\"divider.default\">\n\t\t\t\t<div class=\"elementor-widget-container\">\n\t\t\t\t\t\t\t<div class=\"elementor-divider\">\n\t\t\t<span class=\"elementor-divider-separator\">\n\t\t\t\t\t\t<\/span>\n\t\t<\/div>\n\t\t\t\t\t\t<\/div>\n\t\t\t\t<\/div>\n\t\t\t\t<div class=\"elementor-element elementor-element-9f4769b elementor-widget elementor-widget-text-editor\" data-id=\"9f4769b\" data-element_type=\"widget\" data-widget_type=\"text-editor.default\">\n\t\t\t\t<div class=\"elementor-widget-container\">\n\t\t\t\t\t\t\t\t\t<p>Nuestra tarea m\u00e1s importante a la hora de seleccionar productos y fabricantes son unos requisitos de calidad claros y documentados.<\/p><p>Esto se aplica no s\u00f3lo al \u00e1mbito puramente mec\u00e1nico\/f\u00edsico, como dimensiones y tolerancias, sino tambi\u00e9n al material y su composici\u00f3n, as\u00ed como a los procesos de producci\u00f3n utilizados y los controles anal\u00edticos.<\/p><p>Nuestros esfuerzos no s\u00f3lo se documentan con fichas t\u00e9cnicas internas, sino sobre todo con las pruebas y certificados independientes exigidos.<\/p><p>Para garantizar la alta calidad de nuestros productos, nuestra empresa comprueba escrupulosamente los certificados de nuestros fabricantes para ofrecer a nuestros clientes la m\u00e1xima transparencia y seguridad.<\/p>\t\t\t\t\t\t\t\t<\/div>\n\t\t\t\t<\/div>\n\t\t\t\t\t<\/div>\n\t\t<\/div>\n\t\t\t\t\t<\/div>\n\t\t<\/section>\n\t\t\t\t<\/div>","protected":false},"excerpt":{"rendered":"<p>Chi siamo La nostra azienda \u00e8 una giovane azienda con sede a Verona, nel Nord Italia e numerosi collaboratori. La nuova area di business \u201cWORLD OF DISPOSABLES\u201d Ci siamo posti l&#8217;obiettivo di offrire ai nostri clienti una fonte di approvvigionamento sicura e affidabile per le loro esigenze di materiali di consumo necessari per la preparazione [&hellip;]<\/p>","protected":false},"author":3,"featured_media":0,"parent":0,"menu_order":0,"comment_status":"closed","ping_status":"closed","template":"","meta":{"footnotes":""},"class_list":["post-67","page","type-page","status-publish","hentry"],"_links":{"self":[{"href":"https:\/\/picov.eu\/es\/wp-json\/wp\/v2\/pages\/67","targetHints":{"allow":["GET"]}}],"collection":[{"href":"https:\/\/picov.eu\/es\/wp-json\/wp\/v2\/pages"}],"about":[{"href":"https:\/\/picov.eu\/es\/wp-json\/wp\/v2\/types\/page"}],"author":[{"embeddable":true,"href":"https:\/\/picov.eu\/es\/wp-json\/wp\/v2\/users\/3"}],"replies":[{"embeddable":true,"href":"https:\/\/picov.eu\/es\/wp-json\/wp\/v2\/comments?post=67"}],"version-history":[{"count":19,"href":"https:\/\/picov.eu\/es\/wp-json\/wp\/v2\/pages\/67\/revisions"}],"predecessor-version":[{"id":937,"href":"https:\/\/picov.eu\/es\/wp-json\/wp\/v2\/pages\/67\/revisions\/937"}],"wp:attachment":[{"href":"https:\/\/picov.eu\/es\/wp-json\/wp\/v2\/media?parent=67"}],"curies":[{"name":"wp","href":"https:\/\/api.w.org\/{rel}","templated":true}]}}