{"id":884,"date":"2023-01-18T21:40:17","date_gmt":"2023-01-18T21:40:17","guid":{"rendered":"https:\/\/picov.eu\/?page_id=884"},"modified":"2023-03-26T13:24:48","modified_gmt":"2023-03-26T13:24:48","slug":"cookies-policy","status":"publish","type":"page","link":"https:\/\/picov.eu\/en\/cookies-policy\/","title":{"rendered":"Cookies Policy"},"content":{"rendered":"<div data-elementor-type=\"wp-page\" data-elementor-id=\"884\" class=\"elementor elementor-884\" data-elementor-post-type=\"page\">\n\t\t\t\t\t\t<section class=\"elementor-section elementor-top-section elementor-element elementor-element-f7852f8 elementor-section-boxed elementor-section-height-default elementor-section-height-default\" data-id=\"f7852f8\" data-element_type=\"section\" data-settings=\"{&quot;jet_parallax_layout_list&quot;:[]}\">\n\t\t\t\t\t\t<div class=\"elementor-container elementor-column-gap-default\">\n\t\t\t\t\t<div class=\"elementor-column elementor-col-100 elementor-top-column elementor-element elementor-element-6433eea\" data-id=\"6433eea\" data-element_type=\"column\">\n\t\t\t<div class=\"elementor-widget-wrap elementor-element-populated\">\n\t\t\t\t\t\t<div class=\"elementor-element elementor-element-c12c2f0 elementor-widget elementor-widget-heading\" data-id=\"c12c2f0\" data-element_type=\"widget\" data-widget_type=\"heading.default\">\n\t\t\t\t<div class=\"elementor-widget-container\">\n\t\t\t\t\t<h2 class=\"elementor-heading-title elementor-size-default\">Cookies Policy<\/h2>\t\t\t\t<\/div>\n\t\t\t\t<\/div>\n\t\t\t\t<div class=\"elementor-element elementor-element-285c2da elementor-widget-divider--view-line elementor-widget elementor-widget-divider\" data-id=\"285c2da\" data-element_type=\"widget\" data-widget_type=\"divider.default\">\n\t\t\t\t<div class=\"elementor-widget-container\">\n\t\t\t\t\t\t\t<div class=\"elementor-divider\">\n\t\t\t<span class=\"elementor-divider-separator\">\n\t\t\t\t\t\t<\/span>\n\t\t<\/div>\n\t\t\t\t\t\t<\/div>\n\t\t\t\t<\/div>\n\t\t\t\t<div class=\"elementor-element elementor-element-4eac2ee elementor-widget elementor-widget-text-editor\" data-id=\"4eac2ee\" data-element_type=\"widget\" data-widget_type=\"text-editor.default\">\n\t\t\t\t<div class=\"elementor-widget-container\">\n\t\t\t\t\t\t\t\t\t<h5 style=\"text-align: left;\"><strong>PICOV SRL &#8211; Viale delle Nazioni, 10 37135 Verona (VR) | P.IVA 04887040238 | REA. 453753<\/strong><\/h5><h5>Informativa sul trattamento dei dati personali ex artt. 13-14 Reg.to UE 2016\/679<\/h5><h6><strong>Soggetti Interessati: Navigatori del portale www.picovue.eu<\/strong><\/h6><p>MICROTEK SERVICE nella qualit\u00e0 di Titolare del trattamento dei Suoi dati personali, ai sensi e per gli effetti del Reg.to UE 2016\/679 di seguito &#8216;GDPR&#8217;, con la presente La informa che la citata normativa prevede la tutela degli interessati rispetto al trattamento dei dati personali e che tale trattamento sar\u00e0 improntato ai principi di correttezza, liceit\u00e0, trasparenza e di tutela della Sua riservatezza e dei Suoi diritti.<\/p><p>I Suoi dati personali verranno trattati in accordo alle disposizioni legislative della normativa soprarichiamata e degli obblighi di riservatezza ivi previsti.<\/p><p>Finalit\u00e0 e base giuridica del trattamento: in particolare i Suoi dati saranno utilizzati per le seguenti finalit\u00e0 relative all\u2019esecuzione di misure connesse ad obblighi contrattuali o pre-contrattuali:<\/p><ul><li>gestione dei cookie necessari per il portale.<\/li><\/ul><p>Modalit\u00e0 del trattamento. I suoi dati personali potranno essere trattati nei seguenti modi:<\/p><ul><li>a mezzo calcolatori elettronici con utilizzo di sistemi software gestiti da Terzi;<\/li><li>a mezzo calcolatori elettronici con utilizzo di sistemi software gestiti o programmati direttamente.<\/li><\/ul><p>Ogni trattamento avviene nel rispetto delle modalit\u00e0 di cui agli artt. 6, 32 del GDPR e mediante l&#8217;adozione delle adeguate misure di sicurezza previste. I suoi dati saranno trattati unicamente da personale espressamente autorizzato dal Titolare ed, in particolare ,dalle seguenti categorie di addetti:<\/p><ul><li>operatori interni alla gestione del portale web.<\/li><\/ul><p>Comunicazione: i suoi dati potranno essere comunicati a soggetti esterni per una corretta gestione del rapporto ed in particolare alle seguenti categorie di Destinatari tra cui tutti i Responsabili del Trattamento debitamente nominati:<\/p><ul><li>provider di servizi web per la gestione e il mantenimento della piattaforma.<\/li><\/ul><p>Periodo di Conservazione. Le segnaliamo che, nel rispetto dei principi di liceit\u00e0, limitazione delle finalit\u00e0 e minimizzazione dei dati, ai sensi dell\u2019art. 5 del GDPR, il periodo di conservazione dei Suoi dati personali \u00e8:<\/p><ul><li>10 ANNI<\/li><\/ul><p>Gestione dei cookie: nel caso in cui Lei abbia dubbi o preoccupazioni in merito all&#8217;utilizzo dei cookie Le \u00e8 sempre possibile intervenire per impedirne l&#8217;impostazione e lalettura,adesempiomodificandoleimpostazionisullaprivacyall&#8217;internodelSuobrowseralfinedibloccarnedeterminati tipi.<\/p><p>Poich\u00e9 ciascun browser &#8211; e spesso diverse versioni dello stesso browser \u2013 differiscono anche sensibilmente le une dalle altre se preferisce agire autonomamente mediante le preferenze del Suo browser pu\u00f2 trovare informazioni dettagliate sulla procedura necessaria nella guida del Suo browser. Per una panoramica delle modalit\u00e0 di azione per i browser pi\u00f9 comuni, pu\u00f2 visitare l&#8217;indirizzo www.cookiepedia.co.uk.<\/p><p>Lesociet\u00e0pubblicitarieconsentonoinoltredirinunciareallaricezionediannuncimirati, se lo si desidera. Ci\u00f2 non impedisce l&#8217;impostazione dei cookie, ma interrompe l&#8217;utilizzo e la raccolta di alcuni dati da parte di tali societ\u00e0.<\/p><p>Per maggiori informazioni e possibilit\u00e0 di rinuncia, visitare l&#8217;indirizzo www.youronlinechoices.eu\/.<\/p><p>Titolare: il Titolare del trattamento dei dati, ai sensi della Legge, \u00e8<\/p><p><em><strong>PICOV SRL<\/strong><\/em><br \/>Viale delle Nazioni, 10<br \/>37135 Verona (VR)<br \/>P.IVA 04887040238<\/p><p>contattabile ai seguenti recapiti: E-mail: info@woodholz.it; nella persona del suo legale rappresentante pro tempore.<\/p><p>Lei ha diritto di ottenere dal titolare la cancellazione(diritto all&#8217;oblio), la limitazione ,l&#8217;aggiornamento, la rettificazione, la portabilit\u00e0 ,l&#8217;opposizione al trattamento dei dati personali che La riguardano, nonch\u00e9 ingenerale pu\u00f2 esercitare tutti i diritti previsti dagli artt. 15, 16, 17, 18, 19, 20, 21, 22 del GDPR.<\/p><h5>Reg.to UE 2016\/679: Artt. 15, 16, 17, 18, 19, 20, 21, 22 &#8211; Diritti dell&#8217;Interessato<\/h5><p>1. L&#8217;interessato ha diritto di ottenere la conferma dell&#8217;esistenza o meno di dati personali che lo riguardano, anche se non ancora registrati, la loro comunicazione informa intelligibile e la possibilit\u00e0 di effettuare reclamo presso l\u2019Autorit\u00e0 di controllo.<\/p><p>2. L&#8217;interessato ha diritto di ottenere l&#8217;indicazione:<\/p><p>a. dell&#8217;origine dei dati personali;<br \/>b. delle finalit\u00e0 e modalit\u00e0 del trattamento;<br \/>c. della logica applicata in caso di trattamento effettuato con l&#8217;ausilio di strumenti elettronici;<br \/>d. degli estremi identificativi del titolare, dei responsabili e del rappresentante designato ai sensi dell&#8217;articolo 5, comma 2;<br \/>e. dei soggetti o delle categorie di soggetti ai quali i dati personali possono essere comunicati o che possono venirne a conoscenza in qualit\u00e0 di rappresentante designato nel territorio dello Stato, di responsabili o incaricati.<\/p><p>3. L&#8217;interessato ha diritto di ottenere:<\/p><p>a. l&#8217;aggiornamento, la rettificazione ovvero, quando vi ha interesse, l&#8217;integrazione dei dati;<br \/>b. la cancellazione, la trasformazione in forma anonima o il blocco dei dati trattati in violazione di legge, compresi quelli di cui non \u00e8 necessaria la conservazione in relazione agli scopi per i quali i dati sono stati raccolti o successivamente trattati;<br \/>c. l&#8217;attestazione che le operazioni di cui alle lettere a) e b) sono state portate a conoscenza, anche per quanto riguarda il loro contenuto, di coloro ai quali i dati sono stati comunicati o diffusi, eccettuato il caso in cui tale adempimento si rivela impossibile o comporta un impiego di mezzi manifestamente sproporzionato rispetto al diritto tutelato;<br \/>d. la portabilit\u00e0 dei dati.<\/p><p>4. L&#8217;interessato ha diritto di opporsi, in tutto o in parte:<\/p><p>a. per motivi legittimi al trattamento dei dati personali che lo riguardano, ancorch\u00e9 pertinenti allo scopo della raccolta;<br \/>b. al trattamento di dati personali che lo riguardano a fini di invio di materiale pubblicitario o di vendita diretta o per il compimento di ricerche di mercato o di comunicazione commerciale.<\/p><h5>ALLEGATO COOKIES<\/h5><p><strong>cookie necessari contribuiscono a rendere fruibile il sito web abilitandone funzionalit\u00e0 di base quali la navigazione sulle pagine e l&#8217;accesso alle aree protette del sito. Il sito web non \u00e8 in grado di funzionare correttamente senza questi cookie.<\/strong><\/p><p>I cookie necessari contribuiscono a rendere fruibile il sito web abilitandone funzionalit\u00e0 di base quali la navigazione sulle pagine e l&#8217;accesso alle aree protette del sito. Il sito web non \u00e8 in grado di funzionare correttamente senza questi cookie.<\/p><div id=\"s3gt_translate_tooltip_mini\" class=\"s3gt_translate_tooltip_mini_box\" style=\"background: initial !important; border: initial !important; border-radius: initial !important; border-spacing: initial !important; border-collapse: initial !important; direction: ltr !important; flex-direction: initial !important; font-weight: initial !important; height: initial !important; letter-spacing: initial !important; min-width: initial !important; max-width: initial !important; min-height: initial !important; max-height: initial !important; margin: auto !important; outline: initial !important; padding: initial !important; position: absolute; table-layout: initial !important; text-align: initial !important; text-shadow: initial !important; width: initial !important; word-break: initial !important; word-spacing: initial !important; overflow-wrap: initial !important; box-sizing: initial !important; display: initial !important; color: inherit !important; font-size: 13px !important; font-family: X-LocaleSpecific, sans-serif, Tahoma, Helvetica !important; line-height: 13px !important; vertical-align: top !important; white-space: inherit !important; left: 10px; top: 2603px;\"><div id=\"s3gt_translate_tooltip_mini_logo\" class=\"s3gt_translate_tooltip_mini\" title=\"Traduci il testo selezionato\">\u00a0<\/div><div id=\"s3gt_translate_tooltip_mini_sound\" class=\"s3gt_translate_tooltip_mini\" title=\"Pronuncia\">\u00a0<\/div><div id=\"s3gt_translate_tooltip_mini_copy\" class=\"s3gt_translate_tooltip_mini\" title=\"Copia il testo negli appunti\">\u00a0<\/div><\/div><div id=\"s3gt_translate_tooltip_mini\" class=\"s3gt_translate_tooltip_mini_box\" style=\"background: initial !important; border: initial !important; border-radius: initial !important; border-spacing: initial !important; border-collapse: initial !important; direction: ltr !important; flex-direction: initial !important; font-weight: initial !important; height: initial !important; letter-spacing: initial !important; min-width: initial !important; max-width: initial !important; min-height: initial !important; max-height: initial !important; margin: auto !important; outline: initial !important; padding: initial !important; position: absolute; table-layout: initial !important; text-align: initial !important; text-shadow: initial !important; width: initial !important; word-break: initial !important; word-spacing: initial !important; overflow-wrap: initial !important; box-sizing: initial !important; display: initial !important; color: inherit !important; font-size: 13px !important; font-family: X-LocaleSpecific, sans-serif, Tahoma, Helvetica !important; line-height: 13px !important; vertical-align: top !important; white-space: inherit !important; left: 10px; top: 35px; opacity: 0.45;\"><div id=\"s3gt_translate_tooltip_mini_logo\" class=\"s3gt_translate_tooltip_mini\" title=\"Traduci il testo selezionato\">\u00a0<\/div><div id=\"s3gt_translate_tooltip_mini_sound\" class=\"s3gt_translate_tooltip_mini\" title=\"Pronuncia\">\u00a0<\/div><div id=\"s3gt_translate_tooltip_mini_copy\" class=\"s3gt_translate_tooltip_mini\" title=\"Copia il testo negli appunti\">\u00a0<\/div><\/div>\t\t\t\t\t\t\t\t<\/div>\n\t\t\t\t<\/div>\n\t\t\t\t\t<\/div>\n\t\t<\/div>\n\t\t\t\t\t<\/div>\n\t\t<\/section>\n\t\t\t\t<section class=\"elementor-section elementor-top-section elementor-element elementor-element-ccc7b76 elementor-section-boxed elementor-section-height-default elementor-section-height-default\" data-id=\"ccc7b76\" data-element_type=\"section\" data-settings=\"{&quot;jet_parallax_layout_list&quot;:[]}\">\n\t\t\t\t\t\t<div class=\"elementor-container elementor-column-gap-default\">\n\t\t\t\t\t<div class=\"elementor-column elementor-col-100 elementor-top-column elementor-element elementor-element-e16e46e\" data-id=\"e16e46e\" data-element_type=\"column\">\n\t\t\t<div class=\"elementor-widget-wrap elementor-element-populated\">\n\t\t\t\t\t\t<div class=\"elementor-element elementor-element-7a0f419 elementor-widget elementor-widget-pdf_viewer\" data-id=\"7a0f419\" data-element_type=\"widget\" data-widget_type=\"pdf_viewer.default\">\n\t\t\t\t<div class=\"elementor-widget-container\">\n\t\t\t\t\t<iframe src=\"https:\/\/docs.google.com\/viewer?url=https:\/\/picov.eu\/wp-content\/uploads\/2023\/03\/Rapporti-_-Cookiebot_picov.pdf&amp;embedded=true\" style=\"display: block; margin-left: auto; margin-right: auto; width: 1120px; height: 850px;\" frameborder=\"1\" marginheight=\"0px\" marginwidth=\"0px\" allowfullscreen><\/iframe>\t\t\t\t<\/div>\n\t\t\t\t<\/div>\n\t\t\t\t\t<\/div>\n\t\t<\/div>\n\t\t\t\t\t<\/div>\n\t\t<\/section>\n\t\t\t\t<\/div>","protected":false},"excerpt":{"rendered":"<p>Cookies Policy PICOV SRL &#8211; Viale delle Nazioni, 10 37135 Verona (VR) | P.IVA 04887040238 | REA. 453753 Informativa sul trattamento dei dati personali ex artt. 13-14 Reg.to UE 2016\/679 Soggetti Interessati: Navigatori del portale www.picovue.eu MICROTEK SERVICE nella qualit\u00e0 di Titolare del trattamento dei Suoi dati personali, ai sensi e per gli effetti del [&hellip;]<\/p>","protected":false},"author":3,"featured_media":0,"parent":0,"menu_order":0,"comment_status":"closed","ping_status":"closed","template":"","meta":{"footnotes":""},"class_list":["post-884","page","type-page","status-publish","hentry"],"_links":{"self":[{"href":"https:\/\/picov.eu\/en\/wp-json\/wp\/v2\/pages\/884","targetHints":{"allow":["GET"]}}],"collection":[{"href":"https:\/\/picov.eu\/en\/wp-json\/wp\/v2\/pages"}],"about":[{"href":"https:\/\/picov.eu\/en\/wp-json\/wp\/v2\/types\/page"}],"author":[{"embeddable":true,"href":"https:\/\/picov.eu\/en\/wp-json\/wp\/v2\/users\/3"}],"replies":[{"embeddable":true,"href":"https:\/\/picov.eu\/en\/wp-json\/wp\/v2\/comments?post=884"}],"version-history":[{"count":25,"href":"https:\/\/picov.eu\/en\/wp-json\/wp\/v2\/pages\/884\/revisions"}],"predecessor-version":[{"id":1166,"href":"https:\/\/picov.eu\/en\/wp-json\/wp\/v2\/pages\/884\/revisions\/1166"}],"wp:attachment":[{"href":"https:\/\/picov.eu\/en\/wp-json\/wp\/v2\/media?parent=884"}],"curies":[{"name":"wp","href":"https:\/\/api.w.org\/{rel}","templated":true}]}}