{"id":3,"date":"2022-10-27T07:40:21","date_gmt":"2022-10-27T07:40:21","guid":{"rendered":"https:\/\/picov.eu\/?page_id=3"},"modified":"2023-01-03T15:55:47","modified_gmt":"2023-01-03T15:55:47","slug":"privacy-policy","status":"publish","type":"page","link":"https:\/\/picov.eu\/en\/privacy-policy\/","title":{"rendered":"Privacy Policy"},"content":{"rendered":"<div data-elementor-type=\"wp-page\" data-elementor-id=\"3\" class=\"elementor elementor-3\" data-elementor-post-type=\"page\">\n\t\t\t\t\t\t<section class=\"elementor-section elementor-top-section elementor-element elementor-element-80f5a69 elementor-section-boxed elementor-section-height-default elementor-section-height-default\" data-id=\"80f5a69\" data-element_type=\"section\" data-settings=\"{&quot;jet_parallax_layout_list&quot;:[]}\">\n\t\t\t\t\t\t<div class=\"elementor-container elementor-column-gap-default\">\n\t\t\t\t\t<div class=\"elementor-column elementor-col-100 elementor-top-column elementor-element elementor-element-46146882\" data-id=\"46146882\" data-element_type=\"column\">\n\t\t\t<div class=\"elementor-widget-wrap elementor-element-populated\">\n\t\t\t\t\t\t<div class=\"elementor-element elementor-element-15c1bf5 elementor-widget elementor-widget-heading\" data-id=\"15c1bf5\" data-element_type=\"widget\" data-widget_type=\"heading.default\">\n\t\t\t\t<div class=\"elementor-widget-container\">\n\t\t\t\t\t<h2 class=\"elementor-heading-title elementor-size-default\">Privacy Policy<\/h2>\t\t\t\t<\/div>\n\t\t\t\t<\/div>\n\t\t\t\t<div class=\"elementor-element elementor-element-a62f145 elementor-widget-divider--view-line elementor-widget elementor-widget-divider\" data-id=\"a62f145\" data-element_type=\"widget\" data-widget_type=\"divider.default\">\n\t\t\t\t<div class=\"elementor-widget-container\">\n\t\t\t\t\t\t\t<div class=\"elementor-divider\">\n\t\t\t<span class=\"elementor-divider-separator\">\n\t\t\t\t\t\t<\/span>\n\t\t<\/div>\n\t\t\t\t\t\t<\/div>\n\t\t\t\t<\/div>\n\t\t\t\t<div class=\"elementor-element elementor-element-435b1d96 elementor-widget elementor-widget-text-editor\" data-id=\"435b1d96\" data-element_type=\"widget\" data-widget_type=\"text-editor.default\">\n\t\t\t\t<div class=\"elementor-widget-container\">\n\t\t\t\t\t\t\t\t\t<p><strong>INFORMATIVA AL TRATTAMENTO DEI DATI PERSONALI<\/strong><\/p>\n<p>I dati personali dell&#8217;utente sono utilizzati dalla <em><strong>PICOV SRL<\/strong><\/em>, che ne \u00e8 titolare per il trattamento, nel rispetto dei principi di protezione dei dati personali stabiliti dal Regolamento GDPR 2016\/679 e della normativa nazionale in vigore.<\/p>\n<p><strong>FONTE DEI DATI PERSONALI<\/strong><\/p>\n<p>La raccolta dei dati personali viene effettuata dalla <em><strong>PICOV SRL<\/strong><\/em> registrando i dati:<br \/>\u2022 raccolti direttamente presso interessato, al momento del contatto iniziale o di successive comunicazioni<br \/>\u2022 forniti da terzi<\/p>\n<p><strong>MODALIT\u00c0 E FINALIT\u00c0 DEL TRATTAMENTO DATI<\/strong><\/p>\n<p>1. La informiamo che i dati verranno trattati con il supporto dei seguenti mezzi:<br \/>\u2022 Mista &#8211; elettronica e cartacea<\/p>\n<p>con le seguenti finalit\u00e0:<br \/>\u2022 Adempimento di obblighi fiscali o contabili<br \/>\u2022 Attivit\u00e0 di consulenza<br \/>\u2022 Attivit\u00e0 promozionali<br \/>\u2022 Erogazione del servizio prodotto<br \/>\u2022 Gestione dei fornitori (contratti, ordini, arrivi, fatture)<br \/>\u2022 Gestione del contenzioso (contratti, ordini, arrivi, fatture)<br \/>\u2022 Gestione della clientela (contratti, ordini, spedizioni e fatture)<br \/>\u2022 Hosting di servizi on-line<br \/>\u2022 Marketing (analisi e indagini di mercato)<br \/>\u2022 Newsletter<\/p>\n<p>In particolare, per le finalit\u00e0 specificate di seguito i dati dell\u2019utente saranno trattati SOLO su specifica accettazione del consenso:<br \/>\u2022 Attivit\u00e0 promozionali<br \/>\u2022 Marketing (analisi e indagini di mercato)<br \/>\u2022 Newsletter<br \/>\u2022 Consenso al trattamento di dati particolari<\/p>\n<p><strong>BASE GIURIDICA<\/strong><\/p>\n<p>2. Le basi giuridiche su cui si fonda il trattamento per i dati comuni, secondo l&#8217;Art.6 del Regolamento GDPR, sono:<br \/>\u2022 Legittimo interesse;<br \/>\u2022 Legge;<br \/>\u2022 Contratto;<br \/>\u2022 Consenso;<\/p>\n<p>Le basi giuridiche su cui si fonda il trattamento per categorie particolari di dati personali, secondo l&#8217;Art.9 del Regolamento GDPR, sono:<br \/>\u2022 Legittimo interesse;<br \/>\u2022 Legge;<br \/>\u2022 Contratto;<br \/>\u2022 Consenso;<\/p>\n<p>Il conferimento dei dati \u00e8 obbligatorio per tutto quanto \u00e8 richiesto dagli obblighi legali e contrattuali e pertanto l&#8217;eventuale rifiuto a fornirli in tutto o in parte pu\u00f2 dar luogo all&#8217;impossibilit\u00e0 di fornire i servizi richiesti.<\/p>\n<p>La societ\u00e0 tratta i dati facoltativi degli utenti in base al consenso, ossia mediante l\u2019approvazione esplicita della presente policy privacy e in relazione alle modalit\u00e0 e finalit\u00e0 di seguito descritte.<\/p>\n<p><strong>CATEGORIE DI DESTINATARI<\/strong><\/p>\n<p>3. Ferme restando le comunicazioni eseguite in adempimento di obblighi di legge e contrattuali, tutti i dati raccolti ed elaborati potranno essere comunicati esclusivamente per le finalit\u00e0 sopra specificate alle seguenti categorie di destinatari:<\/p>\n<p>\u2022 Call center per assistenza clienti;<br \/>\u2022 Clienti ed utenti;<br \/>\u2022 Consulenti e liberi professionisti anche in forma associata;<br \/>\u2022 Imprese;<br \/>\u2022 Interessati;<\/p>\n<p>Nella gestione dei suoi dati, inoltre, possono venire a conoscenza degli stessi le seguenti categorie di persone autorizzate e\/o responsabili interni ed esterni individuati per iscritto ed ai quali sono state fornite specifiche istruzioni scritte circa il trattamento dei dati.<\/p>\n<p><strong>CATEGORIE DI DATI PERSONALI<\/strong><\/p>\n<p>4. Secondo quanto esplicitato dall&#8217;articolo 14 del Regolamento GDPR, non essendo stati ottenuti i dati presso l&#8217;interessato, si riportano le categorie di dati personali oggetto di trattamento:<\/p>\n<p>\u2022 Codice fiscale ed altri numeri di identificazione personale.<br \/>\u2022 Dati identificativi (ragione o denominazione sociale, ovvero nome e cognome delle persone fisiche, indirizzo sede, telefono, fax, e-mail, dati fiscali, ecc.);<br \/>\u2022 Nominativo, indirizzo o altri elementi di identificazione personale (nome, cognome, et\u00e0, sesso, luogo e data di nascita, indirizzo privato, indirizzo di lavoro);<br \/>\u2022 Particolari (sensibili);<br \/>\u2022 Personali;<\/p>\n<p><strong>PERIODO DI CONSERVAZIONE<\/strong><\/p>\n<p>Il periodo di conservazione dei dati \u00e8: I dati saranno trattati per tutto il tempo necessario allo svolgimento del rapporto commerciale in essere e per i successivi dieci anni dalla data di acquisizione degli stessi.<\/p>\n<p><strong>DIRITTI DELL\u2019INTERESSATO<\/strong><\/p>\n<p>5. Ai sensi del Regolamento europeo 679\/2016 (GDPR) e della normativa nazionale in vigore, l&#8217;interessato pu\u00f2, secondo le modalit\u00e0 e nei limiti previsti dalla vigente normativa, esercitare i seguenti diritti:<\/p>\n<p>\u2022 richiedere la conferma dell&#8217;esistenza di dati personali che lo riguardano (diritto di accesso dell\u2019interessato \u2013 art. 15 del Regolamento 679\/2016);<br \/>\u2022 conoscerne l&#8217;origine;<br \/>\u2022 riceverne comunicazione intelligibile;<br \/>\u2022 avere informazioni circa la logica, le modalit\u00e0 e le finalit\u00e0 del trattamento;<br \/>\u2022 richiederne l&#8217;aggiornamento, la rettifica, l&#8217;integrazione, la cancellazione, la trasformazione in forma anonima, il blocco dei dati trattati in violazione di legge, ivi compresi quelli non pi\u00f9 necessari al perseguimento degli scopi per i quali sono stati raccolti (diritto di rettifica e cancellazione \u2013 artt. 16 e 17 del Regolamento 679\/2016);<br \/>\u2022 diritto di limitazione e\/o di opposizione al trattamento dei dati che lo riguardano (art. 18 ed art. 21 del Regolamento 679\/2016);<br \/>\u2022 diritto di revoca;<br \/>\u2022 diritto alla portabilit\u00e0 dei dati (art. 20 del Regolamento 679\/2016);<br \/>\u2022 nei casi di trattamento basato su consenso, ricevere i propri dati forniti al titolare, in forma strutturata e leggibile da un elaboratore di dati e in un formato comunemente usato da un dispositivo elettronico;<br \/>\u2022 il diritto di presentare un reclamo all\u2019Autorit\u00e0 di controllo (diritto di accesso dell\u2019interessato \u2013 art. 15 del Regolamento 679\/2016).<\/p>\n<p>6. <strong>Titolare del trattamento dei Suoi dati personali \u00e8:<\/strong><\/p>\n<p><strong>Picov Srl<\/strong><br \/>Viale delle Nazioni, 10<br \/>37135 Verona (VR)<br \/>P.IVA 04887040238<\/p>\n<p>contattabile ai seguenti recapiti: <strong>E-mail: info@picov.eu<\/strong>; nella persona del suo legale rappresentante pro tempore<\/p>\t\t\t\t\t\t\t\t<\/div>\n\t\t\t\t<\/div>\n\t\t\t\t\t<\/div>\n\t\t<\/div>\n\t\t\t\t\t<\/div>\n\t\t<\/section>\n\t\t\t\t<\/div>","protected":false},"excerpt":{"rendered":"<p>Privacy Policy INFORMATIVA AL TRATTAMENTO DEI DATI PERSONALI I dati personali dell&#8217;utente sono utilizzati dalla PICOV SRL, che ne \u00e8 titolare per il trattamento, nel rispetto dei principi di protezione dei dati personali stabiliti dal Regolamento GDPR 2016\/679 e della normativa nazionale in vigore. FONTE DEI DATI PERSONALI La raccolta dei dati personali viene effettuata [&hellip;]<\/p>","protected":false},"author":1,"featured_media":0,"parent":0,"menu_order":0,"comment_status":"closed","ping_status":"open","template":"","meta":{"footnotes":""},"class_list":["post-3","page","type-page","status-publish","hentry"],"_links":{"self":[{"href":"https:\/\/picov.eu\/en\/wp-json\/wp\/v2\/pages\/3","targetHints":{"allow":["GET"]}}],"collection":[{"href":"https:\/\/picov.eu\/en\/wp-json\/wp\/v2\/pages"}],"about":[{"href":"https:\/\/picov.eu\/en\/wp-json\/wp\/v2\/types\/page"}],"author":[{"embeddable":true,"href":"https:\/\/picov.eu\/en\/wp-json\/wp\/v2\/users\/1"}],"replies":[{"embeddable":true,"href":"https:\/\/picov.eu\/en\/wp-json\/wp\/v2\/comments?post=3"}],"version-history":[{"count":3,"href":"https:\/\/picov.eu\/en\/wp-json\/wp\/v2\/pages\/3\/revisions"}],"predecessor-version":[{"id":798,"href":"https:\/\/picov.eu\/en\/wp-json\/wp\/v2\/pages\/3\/revisions\/798"}],"wp:attachment":[{"href":"https:\/\/picov.eu\/en\/wp-json\/wp\/v2\/media?parent=3"}],"curies":[{"name":"wp","href":"https:\/\/api.w.org\/{rel}","templated":true}]}}