{"id":67,"date":"2022-12-01T18:36:39","date_gmt":"2022-12-01T18:36:39","guid":{"rendered":"https:\/\/picov.eu\/?page_id=67"},"modified":"2023-01-20T20:17:41","modified_gmt":"2023-01-20T20:17:41","slug":"chi-siamo","status":"publish","type":"page","link":"https:\/\/picov.eu\/de\/chi-siamo\/","title":{"rendered":"\u00dcber uns"},"content":{"rendered":"<div data-elementor-type=\"wp-page\" data-elementor-id=\"67\" class=\"elementor elementor-67\" data-elementor-post-type=\"page\">\n\t\t\t\t\t\t<section class=\"elementor-section elementor-top-section elementor-element elementor-element-273435e elementor-section-boxed elementor-section-height-default elementor-section-height-default\" data-id=\"273435e\" data-element_type=\"section\" data-settings=\"{&quot;jet_parallax_layout_list&quot;:[],&quot;background_background&quot;:&quot;classic&quot;}\">\n\t\t\t\t\t\t<div class=\"elementor-container elementor-column-gap-default\">\n\t\t\t\t\t<div class=\"elementor-column elementor-col-100 elementor-top-column elementor-element elementor-element-0e3f392\" data-id=\"0e3f392\" data-element_type=\"column\">\n\t\t\t<div class=\"elementor-widget-wrap elementor-element-populated\">\n\t\t\t\t\t\t<div class=\"elementor-element elementor-element-1b10ba3 elementor-widget elementor-widget-heading\" data-id=\"1b10ba3\" data-element_type=\"widget\" data-widget_type=\"heading.default\">\n\t\t\t\t<div class=\"elementor-widget-container\">\n\t\t\t\t\t<h2 class=\"elementor-heading-title elementor-size-default\">\u00dcber uns<\/h2>\t\t\t\t<\/div>\n\t\t\t\t<\/div>\n\t\t\t\t\t<\/div>\n\t\t<\/div>\n\t\t\t\t\t<\/div>\n\t\t<\/section>\n\t\t\t\t<section class=\"elementor-section elementor-top-section elementor-element elementor-element-5d0a8ce elementor-section-boxed elementor-section-height-default elementor-section-height-default\" data-id=\"5d0a8ce\" data-element_type=\"section\" data-settings=\"{&quot;jet_parallax_layout_list&quot;:[]}\">\n\t\t\t\t\t\t<div class=\"elementor-container elementor-column-gap-default\">\n\t\t\t\t\t<div class=\"elementor-column elementor-col-100 elementor-top-column elementor-element elementor-element-7258067\" data-id=\"7258067\" data-element_type=\"column\">\n\t\t\t<div class=\"elementor-widget-wrap elementor-element-populated\">\n\t\t\t\t\t\t<div class=\"elementor-element elementor-element-f241149 elementor-widget elementor-widget-text-editor\" data-id=\"f241149\" data-element_type=\"widget\" data-widget_type=\"text-editor.default\">\n\t\t\t\t<div class=\"elementor-widget-container\">\n\t\t\t\t\t\t\t\t\t<p class=\"translation-block\">Wir sind ein junges Unternehmen mit Sitz in Verona, Norditalien, und besch\u00e4ftigen zahlreiche Mitarbeiter.\nDas neue Gesch\u00e4ftsfeld <strong>\"WORLD OF DISPOSABLES\"<\/strong><\/p>\t\t\t\t\t\t\t\t<\/div>\n\t\t\t\t<\/div>\n\t\t\t\t<div class=\"elementor-element elementor-element-caaaefe elementor-widget elementor-widget-text-editor\" data-id=\"caaaefe\" data-element_type=\"widget\" data-widget_type=\"text-editor.default\">\n\t\t\t\t<div class=\"elementor-widget-container\">\n\t\t\t\t\t\t\t\t\t<p>Wir haben uns zum Ziel gesetzt, unseren Kunden eine sichere und zuverl\u00e4ssige Bezugsquelle f\u00fcr ihren\nBedarf an Verbrauchsmaterialien zu bieten, die f\u00fcr die t\u00e4gliche Vorbereitung und Analyse von\nhochpr\u00e4zisen Proben ben\u00f6tigt werden. Wir k\u00f6nnen seit langem auf sehr erfolgreiche Gesch\u00e4ftskontakte\nund ein Netzwerk von zufriedenen Anwendern weltweit zur\u00fcckgreifen.<\/p><p>Die SARS-Pandemie Cov 2 hat gezeigt, dass die bisherigen Versorgungskonzepte problematisch sein k\u00f6nnen. Der mitunter stark schwankende Bedarf und die Produktion in Verbindung mit selbst \"geringf\u00fcgigen St\u00f6rungen\" bei den Lieferwegen (See-Luft-Land) f\u00fchren zu erheblichen Verz\u00f6gerungen und sogar Unterbrechungen bei dringenden Analysen, was zu Engp\u00e4ssen bei den Verbrauchsmaterialien f\u00fchrt.<\/p>\t\t\t\t\t\t\t\t<\/div>\n\t\t\t\t<\/div>\n\t\t\t\t\t<\/div>\n\t\t<\/div>\n\t\t\t\t\t<\/div>\n\t\t<\/section>\n\t\t\t\t<section class=\"elementor-section elementor-top-section elementor-element elementor-element-3efe067 elementor-section-boxed elementor-section-height-default elementor-section-height-default\" data-id=\"3efe067\" data-element_type=\"section\" data-settings=\"{&quot;jet_parallax_layout_list&quot;:[],&quot;background_background&quot;:&quot;classic&quot;}\">\n\t\t\t\t\t\t\t<div class=\"elementor-background-overlay\"><\/div>\n\t\t\t\t\t\t\t<div class=\"elementor-container elementor-column-gap-default\">\n\t\t\t\t\t<div class=\"elementor-column elementor-col-100 elementor-top-column elementor-element elementor-element-239fae2\" data-id=\"239fae2\" data-element_type=\"column\">\n\t\t\t<div class=\"elementor-widget-wrap elementor-element-populated\">\n\t\t\t\t\t\t<div class=\"elementor-element elementor-element-46a9950 elementor-widget elementor-widget-text-editor\" data-id=\"46a9950\" data-element_type=\"widget\" data-widget_type=\"text-editor.default\">\n\t\t\t\t<div class=\"elementor-widget-container\">\n\t\t\t\t\t\t\t\t\t<p>Dar\u00fcber hinaus wollen wir unseren Kunden den bestm\u00f6glichen Service f\u00fcr ihren gesamten Bedarf an Verbrauchsmaterial bieten.<\/p><p>Dazu geh\u00f6ren auch Produktauswahl und -verf\u00fcgbarkeit. Neben der reinen Produktionskapazit\u00e4t ist auch eine schnelle, flexible und zuverl\u00e4ssige Produktion und Lieferung ein wesentliches Kriterium.<\/p><p>Unterst\u00fctzt wird unser Team, insbesondere bei Anwendungsfragen, nicht nur von unseren Markenpartnern mit entsprechenden Produktspezialisten, sondern auch von externem Support mit langj\u00e4hriger Erfahrung in der Laborprozessautomatisierung und Medizin.<\/p><p class=\"translation-block\">Erweiterungen von neuen Produktlinien sind bereits geplant oder befinden sich in der Umsetzungsphase.<\/p>\t\t\t\t\t\t\t\t<\/div>\n\t\t\t\t<\/div>\n\t\t\t\t\t<\/div>\n\t\t<\/div>\n\t\t\t\t\t<\/div>\n\t\t<\/section>\n\t\t\t\t<section class=\"elementor-section elementor-top-section elementor-element elementor-element-f975638 elementor-section-boxed elementor-section-height-default elementor-section-height-default\" data-id=\"f975638\" data-element_type=\"section\" data-settings=\"{&quot;jet_parallax_layout_list&quot;:[],&quot;background_background&quot;:&quot;classic&quot;}\">\n\t\t\t\t\t\t<div class=\"elementor-container elementor-column-gap-default\">\n\t\t\t\t\t<div class=\"elementor-column elementor-col-100 elementor-top-column elementor-element elementor-element-cf68818\" data-id=\"cf68818\" data-element_type=\"column\">\n\t\t\t<div class=\"elementor-widget-wrap elementor-element-populated\">\n\t\t\t\t\t\t<div class=\"elementor-element elementor-element-7871d06 elementor-widget elementor-widget-heading\" data-id=\"7871d06\" data-element_type=\"widget\" data-widget_type=\"heading.default\">\n\t\t\t\t<div class=\"elementor-widget-container\">\n\t\t\t\t\t<h2 class=\"elementor-heading-title elementor-size-default\">Avete una richiesta speciale o un&#039;esigenza particolare?<\/h2>\t\t\t\t<\/div>\n\t\t\t\t<\/div>\n\t\t\t\t<div class=\"elementor-element elementor-element-f4d920c elementor-align-center elementor-widget elementor-widget-button\" data-id=\"f4d920c\" data-element_type=\"widget\" data-widget_type=\"button.default\">\n\t\t\t\t<div class=\"elementor-widget-container\">\n\t\t\t\t\t\t\t\t\t<div class=\"elementor-button-wrapper\">\n\t\t\t\t\t<a class=\"elementor-button elementor-button-link elementor-size-sm\" href=\"https:\/\/picov.eu\/de\/contatto\/\">\n\t\t\t\t\t\t<span class=\"elementor-button-content-wrapper\">\n\t\t\t\t\t\t\t\t\t<span class=\"elementor-button-text\">Kontaktieren Sie uns<\/span>\n\t\t\t\t\t<\/span>\n\t\t\t\t\t<\/a>\n\t\t\t\t<\/div>\n\t\t\t\t\t\t\t\t<\/div>\n\t\t\t\t<\/div>\n\t\t\t\t<div class=\"elementor-element elementor-element-f3f834b elementor-widget elementor-widget-heading\" data-id=\"f3f834b\" data-element_type=\"widget\" data-widget_type=\"heading.default\">\n\t\t\t\t<div class=\"elementor-widget-container\">\n\t\t\t\t\t<h3 class=\"elementor-heading-title elementor-size-default\">Wir freuen uns \u00fcber Ihre Nachricht<\/h3>\t\t\t\t<\/div>\n\t\t\t\t<\/div>\n\t\t\t\t\t<\/div>\n\t\t<\/div>\n\t\t\t\t\t<\/div>\n\t\t<\/section>\n\t\t\t\t<section class=\"elementor-section elementor-top-section elementor-element elementor-element-8194987 elementor-section-boxed elementor-section-height-default elementor-section-height-default\" data-id=\"8194987\" data-element_type=\"section\" data-settings=\"{&quot;jet_parallax_layout_list&quot;:[]}\">\n\t\t\t\t\t\t<div class=\"elementor-container elementor-column-gap-default\">\n\t\t\t\t\t<div class=\"elementor-column elementor-col-50 elementor-top-column elementor-element elementor-element-5006bfd\" data-id=\"5006bfd\" data-element_type=\"column\">\n\t\t\t<div class=\"elementor-widget-wrap elementor-element-populated\">\n\t\t\t\t\t\t<div class=\"elementor-element elementor-element-87de3c3 elementor-widget elementor-widget-image\" data-id=\"87de3c3\" data-element_type=\"widget\" data-widget_type=\"image.default\">\n\t\t\t\t<div class=\"elementor-widget-container\">\n\t\t\t\t\t\t\t\t\t\t\t\t\t\t\t<img fetchpriority=\"high\" decoding=\"async\" width=\"600\" height=\"700\" src=\"https:\/\/picov.eu\/wp-content\/uploads\/2022\/12\/picov-precisione-qualita.webp\" class=\"attachment-large size-large wp-image-415\" alt=\"\" srcset=\"https:\/\/picov.eu\/wp-content\/uploads\/2022\/12\/picov-precisione-qualita.webp 600w, https:\/\/picov.eu\/wp-content\/uploads\/2022\/12\/picov-precisione-qualita-257x300.webp 257w, https:\/\/picov.eu\/wp-content\/uploads\/2022\/12\/picov-precisione-qualita-200x233.webp 200w\" sizes=\"(max-width: 600px) 100vw, 600px\" \/>\t\t\t\t\t\t\t\t\t\t\t\t\t\t\t<\/div>\n\t\t\t\t<\/div>\n\t\t\t\t\t<\/div>\n\t\t<\/div>\n\t\t\t\t<div class=\"elementor-column elementor-col-50 elementor-top-column elementor-element elementor-element-e5c576b\" data-id=\"e5c576b\" data-element_type=\"column\">\n\t\t\t<div class=\"elementor-widget-wrap elementor-element-populated\">\n\t\t\t\t\t\t<div class=\"elementor-element elementor-element-8d3368f elementor-widget elementor-widget-heading\" data-id=\"8d3368f\" data-element_type=\"widget\" data-widget_type=\"heading.default\">\n\t\t\t\t<div class=\"elementor-widget-container\">\n\t\t\t\t\t<h2 class=\"elementor-heading-title elementor-size-default\">Pr\u00e4zision und Qualit\u00e4t<\/h2>\t\t\t\t<\/div>\n\t\t\t\t<\/div>\n\t\t\t\t<div class=\"elementor-element elementor-element-046baae elementor-widget-divider--view-line elementor-widget elementor-widget-divider\" data-id=\"046baae\" data-element_type=\"widget\" data-widget_type=\"divider.default\">\n\t\t\t\t<div class=\"elementor-widget-container\">\n\t\t\t\t\t\t\t<div class=\"elementor-divider\">\n\t\t\t<span class=\"elementor-divider-separator\">\n\t\t\t\t\t\t<\/span>\n\t\t<\/div>\n\t\t\t\t\t\t<\/div>\n\t\t\t\t<\/div>\n\t\t\t\t<div class=\"elementor-element elementor-element-9f4769b elementor-widget elementor-widget-text-editor\" data-id=\"9f4769b\" data-element_type=\"widget\" data-widget_type=\"text-editor.default\">\n\t\t\t\t<div class=\"elementor-widget-container\">\n\t\t\t\t\t\t\t\t\t<p>Unsere wichtigste Aufgabe bei der Auswahl von Produkten und Herstellern sind klare und dokumentierte Qualit\u00e4tsanforderungen.<\/p><p>Dies gilt nicht nur f\u00fcr den rein mechanisch\/physikalischen Bereich wie Ma\u00dfe und Toleranzen, sondern auch f\u00fcr das Material und seine Zusammensetzung sowie f\u00fcr die eingesetzten Produktionsverfahren und analytischen Kontrollen.<\/p><p>Unsere Bem\u00fchungen werden nicht nur durch interne Datenbl\u00e4tter, sondern vor allem durch vorgeschriebene unabh\u00e4ngige Tests und Zertifikate dokumentiert.<\/p><p>Um die hohe Qualit\u00e4t unserer Produkte zu gew\u00e4hrleisten, pr\u00fcfen wir gewissenhaft die Zertifikate unserer Hersteller, um unseren Kunden ein H\u00f6chstma\u00df an Transparenz und Sicherheit zu bieten.<\/p>\t\t\t\t\t\t\t\t<\/div>\n\t\t\t\t<\/div>\n\t\t\t\t\t<\/div>\n\t\t<\/div>\n\t\t\t\t\t<\/div>\n\t\t<\/section>\n\t\t\t\t<\/div>","protected":false},"excerpt":{"rendered":"<p>Chi siamo La nostra azienda \u00e8 una giovane azienda con sede a Verona, nel Nord Italia e numerosi collaboratori. La nuova area di business \u201cWORLD OF DISPOSABLES\u201d Ci siamo posti l&#8217;obiettivo di offrire ai nostri clienti una fonte di approvvigionamento sicura e affidabile per le loro esigenze di materiali di consumo necessari per la preparazione [&hellip;]<\/p>","protected":false},"author":3,"featured_media":0,"parent":0,"menu_order":0,"comment_status":"closed","ping_status":"closed","template":"","meta":{"footnotes":""},"class_list":["post-67","page","type-page","status-publish","hentry"],"_links":{"self":[{"href":"https:\/\/picov.eu\/de\/wp-json\/wp\/v2\/pages\/67","targetHints":{"allow":["GET"]}}],"collection":[{"href":"https:\/\/picov.eu\/de\/wp-json\/wp\/v2\/pages"}],"about":[{"href":"https:\/\/picov.eu\/de\/wp-json\/wp\/v2\/types\/page"}],"author":[{"embeddable":true,"href":"https:\/\/picov.eu\/de\/wp-json\/wp\/v2\/users\/3"}],"replies":[{"embeddable":true,"href":"https:\/\/picov.eu\/de\/wp-json\/wp\/v2\/comments?post=67"}],"version-history":[{"count":19,"href":"https:\/\/picov.eu\/de\/wp-json\/wp\/v2\/pages\/67\/revisions"}],"predecessor-version":[{"id":937,"href":"https:\/\/picov.eu\/de\/wp-json\/wp\/v2\/pages\/67\/revisions\/937"}],"wp:attachment":[{"href":"https:\/\/picov.eu\/de\/wp-json\/wp\/v2\/media?parent=67"}],"curies":[{"name":"wp","href":"https:\/\/api.w.org\/{rel}","templated":true}]}}